{"id":26,"date":"2015-03-13T15:02:16","date_gmt":"2015-03-13T14:02:16","guid":{"rendered":"https:\/\/lumenetspes.com\/?page_id=26"},"modified":"2024-03-18T12:14:25","modified_gmt":"2024-03-18T11:14:25","slug":"konto","status":"publish","type":"page","link":"https:\/\/lumenetspes.com\/?page_id=26","title":{"rendered":"Kontakt"},"content":{"rendered":"<p>Zach\u0119camy wszystkich, kt\u00f3rym bliskie s\u0105 cele Stowarzyszenia, do wsp\u00f3\u0142pracy:<\/p>\n<p><strong>Rzeszowskie Stowarzyszenie Dziedzictwo Jana Paw\u0142a II &#8222;Lumen et spes&#8221;<\/strong><br \/>\n<strong> ul. Witolda 11 A<\/strong><br \/>\n<strong> 35-302 Rzesz\u00f3w<\/strong><br \/>\ntel. (0-17) 871-24-00, fax (0-17) 871-24-06<br \/>\n<a href=\"http:\/\/www.lumenetspes.com\">www.lumenetspes.com<\/a><br \/>\ne-mail: <a href=\"mailto:stowarzyszenie@lumenetspes.com\">stowarzyszenie@lumenetspes.com<\/a><\/p>\n<p>nr konta: <strong>PKO BP S.A. I\/O Rzesz\u00f3w<\/strong><br \/>\n<strong>64 1020 4391 0000 6902 0064 1761<\/strong><\/p>\n<p><em>Zgodnie z art. 26 ust. 1 pkt 9 ustawy o PDOF i art. 18 ust. 1 pkt 1 ustawy o PDOP darowizny przekazane na cele okre\u015blone w art. 4 ustawy z dn. 24 kwietnia 2003 r. o dzia\u0142alno\u015bci po\u017cytku publicznego i o wolontariacie podlegaj\u0105 odliczeniu od podstawy do opodatkowania.<\/em><\/p>\n<p><iframe loading=\"lazy\" style=\"border: 0;\" src=\"https:\/\/www.google.com\/maps\/embed?pb=!1m18!1m12!1m3!1d2563.009489995848!2d22.04327700000001!3d50.029917999999995!2m3!1f0!2f0!3f0!3m2!1i1024!2i768!4f13.1!3m3!1m2!1s0x473cfba9f458093b%3A0x424be1308485797e!2sInstytut+Teologiczno-Pastoralny+im.+b%C5%82.+J.S.+Pelczara!5e0!3m2!1spl!2spl!4v1426844399087\" width=\"600\" height=\"450\" frameborder=\"0\"><\/iframe><\/p>\n","protected":false},"excerpt":{"rendered":"<p>Zach\u0119camy wszystkich, kt\u00f3rym bliskie s\u0105 cele Stowarzyszenia, do wsp\u00f3\u0142pracy: Rzeszowskie Stowarzyszenie Dziedzictwo Jana Paw\u0142a II &#8222;Lumen et spes&#8221; ul. Witolda 11 A 35-302 Rzesz\u00f3w tel. (0-17) 871-24-00, fax (0-17) 871-24-06 www.lumenetspes.com e-mail: stowarzyszenie@lumenetspes.com nr konta: PKO BP S.A. I\/O Rzesz\u00f3w&hellip; <a class=\"continue\" href=\"https:\/\/lumenetspes.com\/?page_id=26\">Czytaj wi\u0119cej<span> Kontakt<\/span><\/a><\/p>\n","protected":false},"author":1,"featured_media":0,"parent":0,"menu_order":0,"comment_status":"closed","ping_status":"closed","template":"","meta":{"footnotes":""},"_links":{"self":[{"href":"https:\/\/lumenetspes.com\/index.php?rest_route=\/wp\/v2\/pages\/26"}],"collection":[{"href":"https:\/\/lumenetspes.com\/index.php?rest_route=\/wp\/v2\/pages"}],"about":[{"href":"https:\/\/lumenetspes.com\/index.php?rest_route=\/wp\/v2\/types\/page"}],"author":[{"embeddable":true,"href":"https:\/\/lumenetspes.com\/index.php?rest_route=\/wp\/v2\/users\/1"}],"replies":[{"embeddable":true,"href":"https:\/\/lumenetspes.com\/index.php?rest_route=%2Fwp%2Fv2%2Fcomments&post=26"}],"version-history":[{"count":6,"href":"https:\/\/lumenetspes.com\/index.php?rest_route=\/wp\/v2\/pages\/26\/revisions"}],"predecessor-version":[{"id":373,"href":"https:\/\/lumenetspes.com\/index.php?rest_route=\/wp\/v2\/pages\/26\/revisions\/373"}],"wp:attachment":[{"href":"https:\/\/lumenetspes.com\/index.php?rest_route=%2Fwp%2Fv2%2Fmedia&parent=26"}],"curies":[{"name":"wp","href":"https:\/\/api.w.org\/{rel}","templated":true}]}}