{"id":20,"date":"2015-03-13T15:01:37","date_gmt":"2015-03-13T14:01:37","guid":{"rendered":"https:\/\/lumenetspes.com\/?page_id=20"},"modified":"2024-03-18T12:14:24","modified_gmt":"2024-03-18T11:14:24","slug":"projekt-parku-jpii","status":"publish","type":"page","link":"https:\/\/lumenetspes.com\/?page_id=20","title":{"rendered":"Projekt i realizacja Parku JPII"},"content":{"rendered":"<p>17-hektarowy park papieski ma powsta\u0107 pomi\u0119dzy al. Armii Krajowej a katedr\u0105. Tu\u017c po \u015bmierci Jana Paw\u0142a II, w miejscu, gdzie Ojciec \u015awi\u0119ty odprawi\u0142 Msz\u0119 \u015bw., stan\u0105\u0142 pami\u0105tkowy obelisk.<\/p>\n<p>Trwaj\u0105 prace przy realizacji parku wed\u0142ug koncepcji Zespo\u0142u Projektowego z Biura Rozwoju Miasta Rzeszowa.<\/p>\n","protected":false},"excerpt":{"rendered":"<p>17-hektarowy park papieski ma powsta\u0107 pomi\u0119dzy al. Armii Krajowej a katedr\u0105. Tu\u017c po \u015bmierci Jana Paw\u0142a II, w miejscu, gdzie Ojciec \u015awi\u0119ty odprawi\u0142 Msz\u0119 \u015bw., stan\u0105\u0142 pami\u0105tkowy obelisk. Trwaj\u0105 prace przy realizacji parku wed\u0142ug koncepcji Zespo\u0142u Projektowego z Biura Rozwoju&hellip; <a class=\"continue\" href=\"https:\/\/lumenetspes.com\/?page_id=20\">Czytaj wi\u0119cej<span> Projekt i realizacja Parku JPII<\/span><\/a><\/p>\n","protected":false},"author":1,"featured_media":0,"parent":0,"menu_order":0,"comment_status":"closed","ping_status":"closed","template":"","meta":{"footnotes":""},"_links":{"self":[{"href":"https:\/\/lumenetspes.com\/index.php?rest_route=\/wp\/v2\/pages\/20"}],"collection":[{"href":"https:\/\/lumenetspes.com\/index.php?rest_route=\/wp\/v2\/pages"}],"about":[{"href":"https:\/\/lumenetspes.com\/index.php?rest_route=\/wp\/v2\/types\/page"}],"author":[{"embeddable":true,"href":"https:\/\/lumenetspes.com\/index.php?rest_route=\/wp\/v2\/users\/1"}],"replies":[{"embeddable":true,"href":"https:\/\/lumenetspes.com\/index.php?rest_route=%2Fwp%2Fv2%2Fcomments&post=20"}],"version-history":[{"count":4,"href":"https:\/\/lumenetspes.com\/index.php?rest_route=\/wp\/v2\/pages\/20\/revisions"}],"predecessor-version":[{"id":369,"href":"https:\/\/lumenetspes.com\/index.php?rest_route=\/wp\/v2\/pages\/20\/revisions\/369"}],"wp:attachment":[{"href":"https:\/\/lumenetspes.com\/index.php?rest_route=%2Fwp%2Fv2%2Fmedia&parent=20"}],"curies":[{"name":"wp","href":"https:\/\/api.w.org\/{rel}","templated":true}]}}