{"id":14,"date":"2015-03-13T15:00:29","date_gmt":"2015-03-13T14:00:29","guid":{"rendered":"https:\/\/lumenetspes.com\/?page_id=14"},"modified":"2024-03-18T12:14:23","modified_gmt":"2024-03-18T11:14:23","slug":"statut","status":"publish","type":"page","link":"https:\/\/lumenetspes.com\/?page_id=14","title":{"rendered":"Statut"},"content":{"rendered":"<p style=\"text-align: center;\"><strong>STATUT<\/strong><br \/>\n<strong> RZESZOWSKIEGO STOWARZYSZENIA<\/strong><br \/>\n<strong> DZIEDZICTWO JANA PAW\u0141A II<\/strong><br \/>\n<strong> \u201eLUMEN ET SPES\u201d<\/strong><\/p>\n<p style=\"text-align: center;\"><strong>Rozdzia\u0142 I<\/strong><br \/>\n<strong> Postanowienia og\u00f3lne<\/strong><br \/>\n\u00a71<\/p>\n<p>1. Stowarzyszenie nosi nazw\u0119 \u201eRzeszowskie Stowarzyszenie Dziedzictwo Jana Paw\u0142a II \u201eLUMEN ET SPES\u201d, zwane dalej \u201eStowarzyszeniem&#8221;.<br \/>\n2. Siedzib\u0105 Stowarzyszenia jest miasto Rzesz\u00f3w.<br \/>\n3. Terenem dzia\u0142ania Stowarzyszenia jest obszar Rzeczypospolitej Polskiej.<\/p>\n<p style=\"text-align: center;\">\u00a72<\/p>\n<p>1. Stowarzyszenie posiada osobowo\u015b\u0107 prawn\u0105.<br \/>\n2. Stowarzyszenie dzia\u0142a w zgodzie z obowi\u0105zuj\u0105cymi w Rzeczypospolitej Polskiej przepisami prawa krajowego i mi\u0119dzynarodowego, w dialogu spo\u0142ecznym z w\u0142adz\u0105 publiczn\u0105.<br \/>\n3. Stowarzyszenie ma prawo u\u017cywania piecz\u0119ci, logo oraz odznak zgodnie z obowi\u0105zuj\u0105cymi w tym zakresie przepisami.<\/p>\n<p style=\"text-align: center;\"><strong>Rozdzia\u0142 II<\/strong><br \/>\n<strong> Cele i zadania<\/strong><\/p>\n<p style=\"text-align: center;\">\u00a73<\/p>\n<p>Celem Stowarzyszenia jest promocja i wspieranie dzie\u0142 pozostaj\u0105cych w sferze dziedzictwa duchowego i naukowego Jana Paw\u0142a II.<\/p>\n<p style=\"text-align: center;\">\u00a74<\/p>\n<p>Do zada\u0144 Stowarzyszenia nale\u017cy w szczeg\u00f3lno\u015bci:<br \/>\n1) podejmowanie dzia\u0142a\u0144 zmierzaj\u0105cych do utworzenia i rozwoju \u201eParku im. Jana Paw\u0142a II\u201d w Rzeszowie, upami\u0119tniaj\u0105cego historyczny pobyt Ojca \u015awi\u0119tego w Rzeszowie oraz Jego Pontyfikat,<br \/>\n2) wspieranie dzia\u0142alno\u015bci Instytutu im. Jana Paw\u0142a II w Rzeszowie,<br \/>\n3) wsp\u00f3\u0142praca z organizacjami i podmiotami nosz\u0105cymi imi\u0119 Jana Paw\u0142a II,<br \/>\n4) gromadzenie dokument\u00f3w i pami\u0105tek zwi\u0105zanych z Pontyfikatem Jana Paw\u0142a II,<br \/>\n5) popularyzowanie katolickiej nauki spo\u0142ecznej ze szczeg\u00f3lnym uwzgl\u0119dnieniem nauczania Jana Paw\u0142a II,<br \/>\n6) inspirowanie r\u00f3\u017cnych \u015brodowisk do udzielania pomocy najbiedniejszej m\u0142odzie\u017cy, w tym fundowania stypendi\u00f3w,<br \/>\n7) przeciwdzia\u0142anie wyst\u0119puj\u0105cym w regionie problemom spo\u0142ecznym, takim jak: bezrobocie, bieda, alkoholizm, narkomania itp.,<br \/>\n8) dzia\u0142anie na rzecz os\u00f3b niepe\u0142nosprawnych i wykluczonych spo\u0142ecznie,<br \/>\n9) pomoc rodzinom i osobom znajduj\u0105cym si\u0119 w trudnej sytuacji \u017cyciowej oraz wyr\u00f3wnywania szans tych rodzin i os\u00f3b,<br \/>\n10) prowadzenie dzia\u0142a\u0144 wspomagaj\u0105cych rozw\u00f3j wsp\u00f3lnot i spo\u0142eczno\u015bci lokalnych,<br \/>\n11) prowadzenie dzia\u0142a\u0144 w kierunku rozwoju nauki, edukacji, o\u015bwiaty i wychowania,<br \/>\n12) propagowanie kultury, sztuki, ochrony d\u00f3br kultury i tradycji,<br \/>\n13) pomoc w dzia\u0142alno\u015bci charytatywnej oraz woluntarystycznej,<br \/>\n14) dzia\u0142anie w kierunku upowszechniania i ochrony wolno\u015bci i praw cz\u0142owieka oraz swob\u00f3d obywatelskich, a tak\u017ce dzia\u0142a\u0144 wspomagaj\u0105cych rozw\u00f3j demokracji,<br \/>\n15) dzia\u0142anie na rzecz integracji europejskiej oraz rozwijania kontakt\u00f3w i wsp\u00f3\u0142pracy mi\u0119dzy spo\u0142ecze\u0144stwami,<br \/>\n16) podtrzymywanie tradycji narodowej, piel\u0119gnowania polsko\u015bci oraz rozwoju \u015bwiadomo\u015bci narodowej, obywatelskiej i kulturowej,<br \/>\n17) wsp\u00f3\u0142praca z o\u015brodkami akademickimi, \u015brodowiskami katolickimi, samorz\u0105dami lokalnymi oraz innymi instytucjami w zakresie celu Stowarzyszenia,<br \/>\n18) dzia\u0142anie na rzecz wsp\u00f3\u0142pracy z Poloni\u0105.<\/p>\n<p style=\"text-align: center;\">\u00a75<\/p>\n<p>Stowarzyszenie wykonuje swoje zadania poprzez:<br \/>\n1) prowadzenie dzia\u0142alno\u015bci wydawniczej i kolporta\u017cowej,<br \/>\n2) organizowanie sympozj\u00f3w, konferencji, szkole\u0144 i kurs\u00f3w,<br \/>\n3) organizowanie imprez kulturalno \u2013 o\u015bwiatowych,<br \/>\n4) organizowanie wystaw i pokaz\u00f3w,<br \/>\n5) wsp\u00f3\u0142prac\u0119 z krajowymi i zagranicznymi organizacjami dzia\u0142aj\u0105cymi na rzecz propagowania i upami\u0119tniania dziedzictwa Jana Paw\u0142a II,<br \/>\n6) organizowanie zbi\u00f3rek publicznych,<br \/>\n7) organizowanie imprez dochodowych,<br \/>\n8) wyst\u0119powanie o dotacje finansowe do instytucji pa\u0144stwowych, samorz\u0105dowych, sp\u00f3\u0142dzielczych, prywatnych i innych,<br \/>\n9) prowadzenie dzia\u0142alno\u015bci gospodarczej umo\u017cliwiaj\u0105cej realizacj\u0119 celu statutowego.<\/p>\n<p style=\"text-align: center;\"><strong>Rozdzia\u0142 III<\/strong><br \/>\n<strong> Cz\u0142onkostwo, prawa i obowi\u0105zki cz\u0142onk\u00f3w Stowarzyszenia<\/strong><\/p>\n<p style=\"text-align: center;\">\u00a7 6<\/p>\n<p>1. Cz\u0142onkiem zwyczajnym mo\u017ce zosta\u0107 osoba fizyczna, o pe\u0142nej zdolno\u015b\u0107 do czynno\u015bci prawnych, nie pozbawiona praw publicznych, daj\u0105ca gwarancj\u0119 realizacji celu i zada\u0144 Stowarzyszenia przez w\u0142a\u015bciw\u0105 postaw\u0119 moraln\u0105 i aktywno\u015b\u0107 prowadzon\u0105 zgodnie ze Statutem, regulaminami i uchwa\u0142ami w\u0142adz Stowarzyszenia.<br \/>\n2. Cz\u0142onkiem wspieraj\u0105cym mo\u017ce zosta\u0107 organizacja, instytucja lub inny podmiot posiadaj\u0105cy osobowo\u015b\u0107 prawn\u0105, kt\u00f3ry wspiera Stowarzyszenie w realizacji jego za\u0142o\u017ce\u0144 statutowo \u2013 programowych. W pracach Stowarzyszenia cz\u0142onek wspieraj\u0105cy reprezentowany jest przez upowa\u017cnionego przedstawiciela.<br \/>\n3. Cz\u0142onkiem honorowym mo\u017ce zosta\u0107 osoba fizyczna lub prawna szczeg\u00f3lnie zas\u0142u\u017cona na rzecz Stowarzyszenia.<br \/>\n4. Za\u0142o\u017cyciele Stowarzyszenia staj\u0105 si\u0119 cz\u0142onkami Stowarzyszenia po jego zarejestrowaniu.<br \/>\n5. Do Stowarzyszenia mo\u017ce przyst\u0105pi\u0107 cudzoziemiec nie maj\u0105cy miejsca zamieszkania na terytorium Rzeczypospolitej Polskiej.<\/p>\n<p style=\"text-align: center;\">\u00a77<\/p>\n<p>1. Cz\u0142onkostwo nast\u0119puje po z\u0142o\u017ceniu pisemnej deklaracji cz\u0142onkowskiej i przyj\u0119ciu jej przez Zarz\u0105d Stowarzyszenia w drodze g\u0142osowania.<br \/>\n2. Od odmownej decyzji Zarz\u0105du Stowarzyszenia przys\u0142uguje osobom ubiegaj\u0105cym si\u0119 o przyj\u0119cie odwo\u0142anie do Walnego Zebrania Cz\u0142onk\u00f3w.<\/p>\n<p style=\"text-align: center;\">\u00a78<\/p>\n<p>1. Dzia\u0142alno\u015b\u0107 Stowarzyszenia opiera si\u0119 na pracy spo\u0142ecznej cz\u0142onk\u00f3w oraz wolontariuszy.<br \/>\n2. Stowarzyszenie dla realizacji celu i zada\u0144 statutowych, mo\u017ce zatrudni\u0107 niezb\u0119dn\u0105 liczb\u0119 pracownik\u00f3w oraz zawiera\u0107 umowy cywilnoprawne.<\/p>\n<p style=\"text-align: center;\">\u00a79<\/p>\n<p>Cz\u0142onkowie Stowarzyszenia maj\u0105 prawo do:<br \/>\n1) korzystania z czynnego i biernego prawa wyborczego,<br \/>\n2) udzia\u0142u w pracach Stowarzyszenia,<br \/>\n3) zg\u0142aszania wniosk\u00f3w i propozycji do w\u0142adz Stowarzyszenia.<\/p>\n<p style=\"text-align: center;\">\u00a710<\/p>\n<p>Postanowienia \u00a7 9 pkt 2,3 maj\u0105 zastosowanie do cz\u0142onk\u00f3w wspieraj\u0105cych i honorowych, kt\u00f3rzy s\u0105 ponadto zwolnieni od p\u0142acenia sk\u0142adek cz\u0142onkowskich.<\/p>\n<p style=\"text-align: center;\">\u00a711<\/p>\n<p>Cz\u0142onkowie Stowarzyszenia maj\u0105 obowi\u0105zek:<br \/>\n1) aktywnego realizowania celu i zada\u0144 statutowych Stowarzyszenia,<br \/>\n2) przestrzegania i realizowania postanowie\u0144 Statutu, regulamin\u00f3w i uchwa\u0142 w\u0142adz Stowarzyszenia,<br \/>\n3) dbania o autorytet Stowarzyszenia,<br \/>\n4) regularnego op\u0142acania sk\u0142adek cz\u0142onkowskich.<\/p>\n<p style=\"text-align: center;\">\u00a712<\/p>\n<p>1. Utrata praw cz\u0142onkowskich nast\u0119puje przez:<br \/>\n1) pisemne zg\u0142oszenie ust\u0105pienia cz\u0142onka przed\u0142o\u017cone Zarz\u0105dowi,<br \/>\n2) skre\u015blenie &#8211; w przypadku zaniechania wype\u0142niania obowi\u0105zk\u00f3w okre\u015blonych w \u00a7 11,<br \/>\n3) wykluczenie \u2013 za dzia\u0142anie na szkod\u0119 Stowarzyszenia,<br \/>\n4) utrat\u0119 zdolno\u015bci do czynno\u015bci prawnych,<br \/>\n5) \u015bmier\u0107 cz\u0142onka lub utrat\u0119 osobowo\u015bci prawnej przez cz\u0142onka wspieraj\u0105cego.<br \/>\n2. Decyzje o skre\u015bleniu lub wykluczeniu cz\u0142onka Stowarzyszenia podejmuje Zarz\u0105d Stowarzyszenia.<br \/>\n3. Od decyzji o skre\u015bleniu lub wykluczeniu cz\u0142onka Stowarzyszenia przys\u0142uguje zainteresowanemu wniesienie odwo\u0142ania do Walnego Zebrania Cz\u0142onk\u00f3w.<\/p>\n<p style=\"text-align: center;\"><strong>Rozdzia\u0142 IV<\/strong><br \/>\n<strong> W\u0142adze Stowarzyszenia i ich kompetencje<\/strong><\/p>\n<p style=\"text-align: center;\">\u00a7 13<\/p>\n<p>1. W\u0142adzami Stowarzyszenia s\u0105:<br \/>\n1) Walne Zebranie Cz\u0142onk\u00f3w,<br \/>\n2) Zarz\u0105d Stowarzyszenia,<br \/>\n3) Komisja Rewizyjna.<\/p>\n<p style=\"text-align: center;\">\u00a7 14<\/p>\n<p>1. Walne Zebranie Cz\u0142onk\u00f3w mo\u017ce by\u0107:<br \/>\n1) Zwyczajne,<br \/>\n2) Nadzwyczajne.<br \/>\n2. Zwyczajne Walne Zebranie Cz\u0142onk\u00f3w jest zwo\u0142ywane przez Zarz\u0105d Stowarzyszenia raz w roku w terminie do dnia 31 marca jako zgromadzenie sprawozdawcze lub sprawozdawczo-wyborcze.<\/p>\n<p style=\"text-align: center;\">\u00a715<\/p>\n<p>1. Nadzwyczajne Walne Zebranie Cz\u0142onk\u00f3w zwo\u0142ywane jest na podstawie uchwa\u0142y Zarz\u0105du Stowarzyszenia, na \u017c\u0105danie Komisji Rewizyjnej lub na \u017c\u0105danie 1\/3 cz\u0142onk\u00f3w Stowarzyszenia. Nadzwyczajne Walne Zebranie obraduje nad sprawami, dla kt\u00f3rych zosta\u0142o zwo\u0142ane.<br \/>\n2. Zarz\u0105d zobowi\u0105zany jest zwo\u0142a\u0107 Nadzwyczajne Walne Zebranie Cz\u0142onk\u00f3w w terminie 30 dni od daty przedstawienia \u017c\u0105dania zwo\u0142ania Zebrania.<\/p>\n<p style=\"text-align: center;\">\u00a716<\/p>\n<p>1. Zwo\u0142ania Walnego Zebrania Cz\u0142onk\u00f3w dokonuje si\u0119 co najmniej na 7 dni przed wyznaczonym terminem za pomoc\u0105 list\u00f3w poleconych lub pisma dor\u0119czonego cz\u0142onkowi za potwierdzeniem odbioru, z zastrze\u017ceniem postanowie\u0144 \u00a720 ust.2, \u00a730 ust.2 i \u00a731 ust.2. Zawiadomienie powinno zawiera\u0107 termin, miejsce i porz\u0105dek obrad Zebrania oraz informacj\u0119 o ewentualnym drugim terminie Zebrania.<br \/>\n2. Zawiadomienie o nadzwyczajnym Walnym Zebraniu powinno zawiera\u0107 ponadto informacje na czyje \u017c\u0105danie zosta\u0142o zwo\u0142ane.<br \/>\n3. Przedmiotem uchwa\u0142 Walnego Zebrania Cz\u0142onk\u00f3w mog\u0105 by\u0107 wy\u0142\u0105cznie sprawy obj\u0119te porz\u0105dkiem obrad chyba, \u017ce wszyscy uczestnicz\u0105cy w Zebraniu zgodz\u0105 si\u0119 na g\u0142osowanie albo uchwa\u0142y dotycz\u0105 spraw porz\u0105dkowych.<\/p>\n<p style=\"text-align: center;\">\u00a717<\/p>\n<p>1. Walne Zebranie Cz\u0142onk\u00f3w jest najwy\u017csz\u0105 w\u0142adz\u0105 Stowarzyszenia. W sprawach, w kt\u00f3rych statut nie okre\u015bla w\u0142a\u015bciwo\u015bci w\u0142adz Stowarzyszenia, podejmowanie uchwa\u0142 nale\u017cy do Walnego Zebrania Cz\u0142onk\u00f3w.<br \/>\n2. Walne Zebranie Cz\u0142onk\u00f3w tworzy og\u00f3\u0142 cz\u0142onk\u00f3w zwyczajnych.<\/p>\n<p style=\"text-align: center;\">\u00a7 18<\/p>\n<p>Do kompetencji Walnego Zebrania Cz\u0142onk\u00f3w nale\u017cy w szczeg\u00f3lno\u015bci:<br \/>\n1) rozpatrzenie i zatwierdzenie sprawozdania z dzia\u0142alno\u015bci Zarz\u0105du Stowarzyszenia za rok ubieg\u0142y oraz udzielenie absolutorium cz\u0142onkom Zarz\u0105du Stowarzyszenia na wniosek Komisji Rewizyjnej,<br \/>\n2) rozpatrzenie i zatwierdzenie sprawozdania z dzia\u0142alno\u015bci Komisji Rewizyjnej za rok ubieg\u0142y oraz udzielenie absolutorium cz\u0142onkom Komisji Rewizyjnej,<br \/>\n3) rozpatrzenie i zatwierdzenie planu finansowego Stowarzyszenia i programu prac na rok nast\u0119pny,<br \/>\n4) uchwalenie wysoko\u015bci sk\u0142adek cz\u0142onkowskich,<br \/>\n5) zmiana Statutu,<br \/>\n6) wyb\u00f3r i odwo\u0142anie przewodnicz\u0105cego Zarz\u0105du i pozosta\u0142ych cz\u0142onk\u00f3w Zarz\u0105du,<br \/>\n7) wyb\u00f3r i odwo\u0142anie cz\u0142onk\u00f3w Komisji Rewizyjnej,<br \/>\n8) rozpatrzenie wniosk\u00f3w w sprawach maj\u0105tku Stowarzyszenia,<br \/>\n9) rozstrzyganie odwo\u0142a\u0144 Cz\u0142onk\u00f3w Stowarzyszenia od uchwa\u0142 Zarz\u0105du,<br \/>\n10) rozwi\u0105zanie Stowarzyszenia i jego likwidacja.<\/p>\n<p style=\"text-align: center;\">\u00a7 19<\/p>\n<p>1. Prawo uczestniczenia i wykonywania prawa g\u0142osu na Walnym Zebraniu Cz\u0142onk\u00f3w powinno by\u0107 wykorzystane osobi\u015bcie.<br \/>\n2. Cz\u0142onek Stowarzyszenia, kt\u00f3ry z wa\u017cnych powod\u00f3w nie mo\u017ce wzi\u0105\u0107 udzia\u0142u w Walnym Zebraniu Cz\u0142onk\u00f3w mo\u017ce wyznaczy\u0107 swojego pe\u0142nomocnika.<br \/>\n3. Pe\u0142nomocnictwo powinno by\u0107 udzielone na pi\u015bmie pod rygorem niewa\u017cno\u015bci i do\u0142\u0105czone do protoko\u0142u.<\/p>\n<p style=\"text-align: center;\">\u00a7 20<\/p>\n<p>1. Do wa\u017cno\u015bci Walnego Zebrania Cz\u0142onk\u00f3w potrzebna jest obecno\u015b\u0107 co najmniej po\u0142owy cz\u0142onk\u00f3w Stowarzyszenia. Zwo\u0142ane ewentualnie w drugim terminie Walne Zebranie Cz\u0142onk\u00f3w jest wa\u017cne bez wzgl\u0119du na liczb\u0119 obecnych cz\u0142onk\u00f3w Stowarzyszenia.<br \/>\n2. Zwo\u0142anie Walnego Zebrania Cz\u0142onk\u00f3w w drugim terminie mo\u017ce zosta\u0107 przewidziane w zawiadomieniu o Zebraniu. Drugi termin Walnego Zebrania Cz\u0142onk\u00f3w mo\u017ce zosta\u0107 wyznaczony na ten sam dzie\u0144, nie wcze\u015bniej ni\u017c 30 minut po pierwszym terminie.<\/p>\n<p style=\"text-align: center;\">\u00a7 21<\/p>\n<p>Uchwa\u0142y na Walnym Zebraniu Cz\u0142onk\u00f3w zapadaj\u0105 zwyk\u0142\u0105 wi\u0119kszo\u015bci\u0105 g\u0142os\u00f3w oddanych na zebraniu. Zmiany Statutu i rozwi\u0105zanie Stowarzyszenia wymagaj\u0105 uchwa\u0142y podj\u0119tej wi\u0119kszo\u015bci\u0105 2\/3 g\u0142os\u00f3w przy obecno\u015bci co najmniej po\u0142owy uprawnionych do g\u0142osowania.<\/p>\n<p style=\"text-align: center;\">\u00a7 22<\/p>\n<p>G\u0142osowanie na Walnym Zebraniu Cz\u0142onk\u00f3w jest jawne. Wyb\u00f3r w\u0142adz Stowarzyszenia odbywa si\u0119 w g\u0142osowaniu tajnym o ile zebranie nie zdecyduje o jawno\u015bci wybor\u00f3w. We wszystkich innych sprawach g\u0142osowanie tajne mo\u017ce uchwali\u0107 Walne Zebranie Cz\u0142onk\u00f3w zwyk\u0142\u0105 wi\u0119kszo\u015bci\u0105 g\u0142os\u00f3w.<\/p>\n<p style=\"text-align: center;\">\u00a7 23<\/p>\n<p>1. Zarz\u0105d sk\u0142ada si\u0119 z 5 do 10 cz\u0142onk\u00f3w:<br \/>\n1) przewodnicz\u0105cego Zarz\u0105du,<br \/>\n2) zast\u0119pcy przewodnicz\u0105cego Zarz\u0105du,<br \/>\n3) sekretarza,<br \/>\n4) skarbnika,<br \/>\n5) 1 do 6 cz\u0142onk\u00f3w<br \/>\n2. Przewodnicz\u0105cego Zarz\u0105du i pozosta\u0142ych jego cz\u0142onk\u00f3w wybiera Walne Zebranie Cz\u0142onk\u00f3w.<br \/>\n3. Zast\u0119pc\u0119 przewodnicz\u0105cego, sekretarza i skarbnika cz\u0142onkowie Zarz\u0105du wybieraj\u0105 spo\u015br\u00f3d siebie na pierwszym posiedzeniu Zarz\u0105du. Zarz\u0105d Stowarzyszenia powinien ukonstytuowa\u0107 si\u0119 najp\u00f3\u017aniej w ci\u0105gu 7 dni od daty wybor\u00f3w.<br \/>\n4. Kadencja Zarz\u0105du trwa 4 lata. Cz\u0142onkowie Zarz\u0105du wybierani s\u0105 na wsp\u00f3ln\u0105 kadencj\u0119. W przypadku \u015bmierci cz\u0142onka Zarz\u0105du, jego odwo\u0142ania lub ust\u0105pienia przed ko\u0144cem kadencji, Zarz\u0105d funkcjonuje do ko\u0144ca kadencji w zmniejszonym sk\u0142adzie z zastrze\u017ceniem ust.6.<br \/>\n5. W przypadku gdy w trakcie kadencji z przyczyn opisanych w ust.5 wyga\u015bnie mandat przewodnicz\u0105cego Zarz\u0105du, albo gdy liczba cz\u0142onk\u00f3w Zarz\u0105du zmniejszy si\u0119 poni\u017cej wymaganej statutem minimalnej liczby, Walne Zebranie Cz\u0142onk\u00f3w niezw\u0142ocznie dokona wybor\u00f3w uzupe\u0142niaj\u0105cych.<br \/>\n6. W umowach z cz\u0142onkami Zarz\u0105du, Stowarzyszenie reprezentowane jest przez przewodnicz\u0105cego Komisji Rewizyjnej.<\/p>\n<p style=\"text-align: center;\">\u00a7 24<\/p>\n<p>Zebrania Zarz\u0105du prowadzone s\u0105 przy obecno\u015bci co najmniej po\u0142owy jego cz\u0142onk\u00f3w, uchwa\u0142y zapadaj\u0105 zwyk\u0142\u0105 wi\u0119kszo\u015bci\u0105 g\u0142os\u00f3w. W przypadku r\u00f3wnej liczby g\u0142os\u00f3w rozstrzyga g\u0142os przewodnicz\u0105cego Zarz\u0105du.<\/p>\n<p style=\"text-align: center;\">\u00a7 25<\/p>\n<p>Do zakresu dzia\u0142alno\u015bci Zarz\u0105du nale\u017cy:<br \/>\n1) reprezentowanie Stowarzyszenia na zewn\u0105trz,<br \/>\n2) udzielanie pe\u0142nomocnictw do konkretnych dzia\u0142a\u0144,<br \/>\n3) kierowanie pracami Stowarzyszenia,<br \/>\n4) realizowanie uchwa\u0142 Walnego Zebrania Cz\u0142onk\u00f3w,<br \/>\n5) zwo\u0142ywanie Walnego Zebrania Cz\u0142onk\u00f3w,<br \/>\n6) sporz\u0105dzanie sprawozda\u0144 rocznych, bud\u017cet\u00f3w i bilans\u00f3w, przedstawianie ich Walnemu Zebraniu Cz\u0142onk\u00f3w do rozpatrzenia,<br \/>\n7) przyjmowanie, skre\u015blanie i wykluczanie cz\u0142onk\u00f3w,<br \/>\n8) prowadzenie korespondencji i rachunkowo\u015bci zgodnie z przepisami prawnymi i uchwa\u0142ami Walnego Zebrania Cz\u0142onk\u00f3w,<br \/>\n9) administrowanie maj\u0105tkiem i funduszami Stowarzyszenia,<br \/>\n10) przyjmowanie wzgl\u0119dnie zwalnianie pracownik\u00f3w Stowarzyszenia i zawieranie um\u00f3w cywilnoprawnych,<br \/>\n11) pozyskiwanie funduszy na dzia\u0142alno\u015b\u0107 Stowarzyszenia,<br \/>\n12) nadawanie tytu\u0142u cz\u0142onka honorowego i wspieraj\u0105cego Stowarzyszenia.<\/p>\n<p style=\"text-align: center;\">\u00a7 26<\/p>\n<p>1. Komisja Rewizyjna Stowarzyszenia sk\u0142ada si\u0119 z 3 os\u00f3b:<br \/>\n1) przewodnicz\u0105cego,<br \/>\n2) dw\u00f3ch cz\u0142onk\u00f3w komisji.<br \/>\n2. Na pierwszym posiedzeniu, cz\u0142onkowie Komisji Rewizyjnej wybieraj\u0105 ze swojego grona przewodnicz\u0105cego.<br \/>\n3. Kadencja Komisji Rewizyjnej trwa 4 lata. Cz\u0142onkowie Komisji Rewizyjnej wybierani s\u0105 na wsp\u00f3ln\u0105 kadencj\u0119.<br \/>\n4. Cz\u0142onkowie Komisji Rewizyjnej nie mog\u0105 wchodzi\u0107 w sk\u0142ad Zarz\u0105du Stowarzyszenia.<\/p>\n<p style=\"text-align: center;\">\u00a7 27<\/p>\n<p>1. Komisja Rewizyjna kontroluje dzia\u0142alno\u015b\u0107 Zarz\u0105du. Ma ona prawo dokonywania kontroli w ka\u017cdym czasie, a obowi\u0105zkiem jej jest sprawdzi\u0107 przynajmniej raz w roku wszystkie ksi\u0119gi, dokumenty i stan maj\u0105tkowy Stowarzyszenia. Z ka\u017cdej dokonanej kontroli Komisja sporz\u0105dza protok\u00f3\u0142. Ze swoich czynno\u015bci Komisja Rewizyjna sk\u0142ada sprawozdanie na Walnym Zebraniu Cz\u0142onk\u00f3w.<br \/>\n2. Komisja Rewizyjna ma prawo zwo\u0142a\u0107 Walne Zebranie Cz\u0142onk\u00f3w w razie nie zwo\u0142ania go przez Zarz\u0105d w terminie 14 dni po up\u0142ywie terminu, o kt\u00f3rym mowa w \u00a7 14 ust. 2.<\/p>\n<p style=\"text-align: center;\">\u00a7 28<\/p>\n<p>Do sk\u0142adania o\u015bwiadcze\u0144 woli, zawierania um\u00f3w i udzielania pe\u0142nomocnictw w imieniu Stowarzyszenia wymagane jest wsp\u00f3\u0142dzia\u0142anie dw\u00f3ch cz\u0142onk\u00f3w Zarz\u0105du, z kt\u00f3rych jednym musi by\u0107 przewodnicz\u0105cy albo zast\u0119pca przewodnicz\u0105cego Zarz\u0105du. Do zaci\u0105gania zobowi\u0105za\u0144 maj\u0105tkowych, wymagana jest reprezentacja z udzia\u0142em skarbnika.<\/p>\n<p style=\"text-align: center;\"><strong>Rozdzia\u0142 V<\/strong><br \/>\n<strong> Maj\u0105tek Stowarzyszenia<\/strong><\/p>\n<p style=\"text-align: center;\">\u00a7 29<\/p>\n<p>1. Maj\u0105tek Stowarzyszenia stanowi\u0105: sk\u0142adki cz\u0142onkowskie, dotacje, dochody z organizowanych zbi\u00f3rek i imprez, dochody z dzia\u0142alno\u015bci gospodarczej, wydawniczej, zapisy, spadki oraz dochody z maj\u0105tku Stowarzyszenia.<br \/>\n2. Rokiem obrotowym i sprawozdawczym jest rok kalendarzowy.<\/p>\n<p style=\"text-align: center;\"><strong>Rozdzia\u0142 VI<\/strong><br \/>\n<strong> Przepisy ko\u0144cowe<\/strong><\/p>\n<p style=\"text-align: center;\">\u00a7 30<\/p>\n<p>1. Wszelkie zmiany niniejszego Statutu wymagaj\u0105 uchwa\u0142y Walnego Zebrania Cz\u0142onk\u00f3w, powzi\u0119tej wi\u0119kszo\u015bci\u0105 2\/3 g\u0142os\u00f3w, przy obecno\u015bci co najmniej po\u0142owy uprawnionych do g\u0142osowania cz\u0142onk\u00f3w Stowarzyszenia.<br \/>\n2. Wniosek o zmian\u0119 Statutu nie mo\u017ce by\u0107 wnioskiem nag\u0142ym lecz musi wp\u0142yn\u0105\u0107 do Zarz\u0105du Stowarzyszenia najp\u00f3\u017aniej na 14 dni przed terminem Zebrania i zawiera\u0107 propozycj\u0119 zmian statutu.<br \/>\n3. Zmiana Statutu podlega wpisowi do rejestru.<\/p>\n<p style=\"text-align: center;\">\u00a7 31<\/p>\n<p>1. Rozwi\u0105zanie Stowarzyszenia mo\u017ce nast\u0105pi\u0107 na podstawie uchwa\u0142y Walnego Zebrania Cz\u0142onk\u00f3w, powzi\u0119tej wi\u0119kszo\u015bci\u0105 2\/3 g\u0142os\u00f3w, przy obecno\u015bci co najmniej po\u0142owy uprawnionych do g\u0142osowania cz\u0142onk\u00f3w Stowarzyszenia.<br \/>\n2. Wniosek o rozwi\u0105zanie nie mo\u017ce by\u0107 wnioskiem nag\u0142ym lecz musi wp\u0142yn\u0105\u0107 do Zarz\u0105du Stowarzyszenia najp\u00f3\u017aniej na jeden miesi\u0105c przed terminem Walnego Zebrania Cz\u0142onk\u00f3w i musi by\u0107 umieszczony w porz\u0105dku dziennym. Przy uchwale Walnego Zebrania Cz\u0142onk\u00f3w o rozwi\u0105zaniu Stowarzyszenia musi by\u0107 r\u00f3wnocze\u015bnie podj\u0119ta uchwa\u0142a o przeznaczeniu maj\u0105tku Stowarzyszenia i powo\u0142aniu likwidatora.<\/p>\n<p style=\"text-align: center;\">\u00a7 32<\/p>\n<p>Statut wchodzi w \u017cycie z dniem uchwalenia, z moc\u0105 obowi\u0105zuj\u0105c\u0105 od dnia rejestracji.<\/p>\n","protected":false},"excerpt":{"rendered":"<p>STATUT RZESZOWSKIEGO STOWARZYSZENIA DZIEDZICTWO JANA PAW\u0141A II \u201eLUMEN ET SPES\u201d Rozdzia\u0142 I Postanowienia og\u00f3lne \u00a71 1. Stowarzyszenie nosi nazw\u0119 \u201eRzeszowskie Stowarzyszenie Dziedzictwo Jana Paw\u0142a II \u201eLUMEN ET SPES\u201d, zwane dalej \u201eStowarzyszeniem&#8221;. 2. Siedzib\u0105 Stowarzyszenia jest miasto Rzesz\u00f3w. 3. Terenem dzia\u0142ania&hellip; <a class=\"continue\" href=\"https:\/\/lumenetspes.com\/?page_id=14\">Czytaj wi\u0119cej<span> Statut<\/span><\/a><\/p>\n","protected":false},"author":1,"featured_media":0,"parent":0,"menu_order":0,"comment_status":"closed","ping_status":"closed","template":"template-without-title.php","meta":{"footnotes":""},"_links":{"self":[{"href":"https:\/\/lumenetspes.com\/index.php?rest_route=\/wp\/v2\/pages\/14"}],"collection":[{"href":"https:\/\/lumenetspes.com\/index.php?rest_route=\/wp\/v2\/pages"}],"about":[{"href":"https:\/\/lumenetspes.com\/index.php?rest_route=\/wp\/v2\/types\/page"}],"author":[{"embeddable":true,"href":"https:\/\/lumenetspes.com\/index.php?rest_route=\/wp\/v2\/users\/1"}],"replies":[{"embeddable":true,"href":"https:\/\/lumenetspes.com\/index.php?rest_route=%2Fwp%2Fv2%2Fcomments&post=14"}],"version-history":[{"count":5,"href":"https:\/\/lumenetspes.com\/index.php?rest_route=\/wp\/v2\/pages\/14\/revisions"}],"predecessor-version":[{"id":363,"href":"https:\/\/lumenetspes.com\/index.php?rest_route=\/wp\/v2\/pages\/14\/revisions\/363"}],"wp:attachment":[{"href":"https:\/\/lumenetspes.com\/index.php?rest_route=%2Fwp%2Fv2%2Fmedia&parent=14"}],"curies":[{"name":"wp","href":"https:\/\/api.w.org\/{rel}","templated":true}]}}