{"id":12,"date":"2015-03-13T15:00:13","date_gmt":"2015-03-13T14:00:13","guid":{"rendered":"https:\/\/lumenetspes.com\/?page_id=12"},"modified":"2024-03-18T12:14:22","modified_gmt":"2024-03-18T11:14:22","slug":"powstanie-stowarzyszenia","status":"publish","type":"page","link":"https:\/\/lumenetspes.com\/?page_id=12","title":{"rendered":"Powstanie stowarzyszenia"},"content":{"rendered":"<p>Spotkanie za\u0142o\u017cycielskie Rzeszowskiego Stowarzyszenia Dziedzictwo Jana Paw\u0142a II \u201eLUMEN ET SPES\u201d odby\u0142o si\u0119 w dniu 20 marca 2006 roku w Instytucie Jana Paw\u0142a II. Uczestniczy\u0142o w nim 39 os\u00f3b, zainteresowanych inicjatyw\u0105 stworzenia stowarzyszenia, kt\u00f3rego celem by\u0142aby promocja i wspieranie dzie\u0142 pozostaj\u0105cych w sferze dziedzictwa duchowego i naukowego Jana Paw\u0142a II.<\/p>\n<p>Stowarzyszenie zosta\u0142o zarejestrowane 12 kwietnia 2006 roku.<\/p>\n<p>Celem Stowarzyszenia jest m. in.:<br \/>\n&#8211; podejmowanie dzia\u0142a\u0144 zmierzaj\u0105cych do utworzenia i rozwoju \u201eParku im. Jana Paw\u0142a II\u201d w Rzeszowie, kt\u00f3ry upami\u0119tnia\u0142by historyczny pobyt Ojca \u015awi\u0119tego w Rzeszowie oraz Jego Pontyfikat,<br \/>\n&#8211; wspieranie dzia\u0142alno\u015bci Instytutu im. Jana Paw\u0142a II w Rzeszowie,<br \/>\n&#8211; wsp\u00f3\u0142praca z organizacjami i podmiotami nosz\u0105cymi imi\u0119 Jana Paw\u0142a II,<br \/>\n&#8211; gromadzenie dokument\u00f3w i pami\u0105tek zwi\u0105zanych z Pontyfikatem Jana Paw\u0142a II,<br \/>\n&#8211; popularyzowanie katolickiej nauki spo\u0142ecznej ze szczeg\u00f3lnym uwzgl\u0119dnieniem nauczania Jana Paw\u0142a II.<\/p>\n\n\t\t<style type=\"text\/css\">\n\t\t\t#gallery-1 {\n\t\t\t\tmargin: auto;\n\t\t\t}\n\t\t\t#gallery-1 .gallery-item {\n\t\t\t\tfloat: left;\n\t\t\t\tmargin-top: 10px;\n\t\t\t\ttext-align: center;\n\t\t\t\twidth: 50%;\n\t\t\t}\n\t\t\t#gallery-1 img {\n\t\t\t\tborder: 2px solid #cfcfcf;\n\t\t\t}\n\t\t\t#gallery-1 .gallery-caption {\n\t\t\t\tmargin-left: 0;\n\t\t\t}\n\t\t\t\/* see gallery_shortcode() in wp-includes\/media.php *\/\n\t\t<\/style>\n\t\t<div id='gallery-1' class='gallery galleryid-12 gallery-columns-2 gallery-size-medium'><dl class='gallery-item'>\n\t\t\t<dt class='gallery-icon landscape'>\n\t\t\t\t<a title=\"\" href='https:\/\/lumenetspes.com\/wp-content\/uploads\/2015\/03\/IMG_3496.jpg'><img width=\"300\" height=\"225\" src=\"https:\/\/lumenetspes.com\/wp-content\/uploads\/2015\/03\/IMG_3496-300x225.jpg\" class=\"attachment-medium size-medium\" alt=\"\" decoding=\"async\" loading=\"lazy\" srcset=\"https:\/\/lumenetspes.com\/wp-content\/uploads\/2015\/03\/IMG_3496-300x225.jpg 300w, https:\/\/lumenetspes.com\/wp-content\/uploads\/2015\/03\/IMG_3496-1024x768.jpg 1024w, https:\/\/lumenetspes.com\/wp-content\/uploads\/2015\/03\/IMG_3496-1170x878.jpg 1170w\" sizes=\"(max-width: 300px) 100vw, 300px\" \/><\/a>\n\t\t\t<\/dt><\/dl><dl class='gallery-item'>\n\t\t\t<dt class='gallery-icon landscape'>\n\t\t\t\t<a title=\"IMG_3493\" href='https:\/\/lumenetspes.com\/wp-content\/uploads\/2015\/03\/IMG_3493.jpg'><img width=\"300\" height=\"225\" src=\"https:\/\/lumenetspes.com\/wp-content\/uploads\/2015\/03\/IMG_3493-300x225.jpg\" class=\"attachment-medium size-medium\" alt=\"\" decoding=\"async\" loading=\"lazy\" srcset=\"https:\/\/lumenetspes.com\/wp-content\/uploads\/2015\/03\/IMG_3493-300x225.jpg 300w, https:\/\/lumenetspes.com\/wp-content\/uploads\/2015\/03\/IMG_3493-1024x768.jpg 1024w, https:\/\/lumenetspes.com\/wp-content\/uploads\/2015\/03\/IMG_3493-1170x878.jpg 1170w\" sizes=\"(max-width: 300px) 100vw, 300px\" \/><\/a>\n\t\t\t<\/dt><\/dl><br style=\"clear: both\" \/><dl class='gallery-item'>\n\t\t\t<dt class='gallery-icon landscape'>\n\t\t\t\t<a title=\"IMG_3492\" href='https:\/\/lumenetspes.com\/wp-content\/uploads\/2015\/03\/IMG_3492.jpg'><img width=\"300\" height=\"225\" src=\"https:\/\/lumenetspes.com\/wp-content\/uploads\/2015\/03\/IMG_3492-300x225.jpg\" class=\"attachment-medium size-medium\" alt=\"\" decoding=\"async\" loading=\"lazy\" srcset=\"https:\/\/lumenetspes.com\/wp-content\/uploads\/2015\/03\/IMG_3492-300x225.jpg 300w, https:\/\/lumenetspes.com\/wp-content\/uploads\/2015\/03\/IMG_3492-1024x768.jpg 1024w, https:\/\/lumenetspes.com\/wp-content\/uploads\/2015\/03\/IMG_3492-1170x878.jpg 1170w\" sizes=\"(max-width: 300px) 100vw, 300px\" \/><\/a>\n\t\t\t<\/dt><\/dl><dl class='gallery-item'>\n\t\t\t<dt class='gallery-icon landscape'>\n\t\t\t\t<a title=\"IMG_3487\" href='https:\/\/lumenetspes.com\/wp-content\/uploads\/2015\/03\/IMG_3487.jpg'><img width=\"300\" height=\"225\" src=\"https:\/\/lumenetspes.com\/wp-content\/uploads\/2015\/03\/IMG_3487-300x225.jpg\" class=\"attachment-medium size-medium\" alt=\"\" decoding=\"async\" loading=\"lazy\" srcset=\"https:\/\/lumenetspes.com\/wp-content\/uploads\/2015\/03\/IMG_3487-300x225.jpg 300w, https:\/\/lumenetspes.com\/wp-content\/uploads\/2015\/03\/IMG_3487-1024x768.jpg 1024w, https:\/\/lumenetspes.com\/wp-content\/uploads\/2015\/03\/IMG_3487-1170x878.jpg 1170w\" sizes=\"(max-width: 300px) 100vw, 300px\" \/><\/a>\n\t\t\t<\/dt><\/dl><br style=\"clear: both\" \/>\n\t\t<\/div>\n\n","protected":false},"excerpt":{"rendered":"<p>Spotkanie za\u0142o\u017cycielskie Rzeszowskiego Stowarzyszenia Dziedzictwo Jana Paw\u0142a II \u201eLUMEN ET SPES\u201d odby\u0142o si\u0119 w dniu 20 marca 2006 roku w Instytucie Jana Paw\u0142a II. Uczestniczy\u0142o w nim 39 os\u00f3b, zainteresowanych inicjatyw\u0105 stworzenia stowarzyszenia, kt\u00f3rego celem by\u0142aby promocja i wspieranie dzie\u0142&hellip; <a class=\"continue\" href=\"https:\/\/lumenetspes.com\/?page_id=12\">Czytaj wi\u0119cej<span> Powstanie stowarzyszenia<\/span><\/a><\/p>\n","protected":false},"author":1,"featured_media":0,"parent":0,"menu_order":0,"comment_status":"closed","ping_status":"closed","template":"","meta":{"footnotes":""},"_links":{"self":[{"href":"https:\/\/lumenetspes.com\/index.php?rest_route=\/wp\/v2\/pages\/12"}],"collection":[{"href":"https:\/\/lumenetspes.com\/index.php?rest_route=\/wp\/v2\/pages"}],"about":[{"href":"https:\/\/lumenetspes.com\/index.php?rest_route=\/wp\/v2\/types\/page"}],"author":[{"embeddable":true,"href":"https:\/\/lumenetspes.com\/index.php?rest_route=\/wp\/v2\/users\/1"}],"replies":[{"embeddable":true,"href":"https:\/\/lumenetspes.com\/index.php?rest_route=%2Fwp%2Fv2%2Fcomments&post=12"}],"version-history":[{"count":6,"href":"https:\/\/lumenetspes.com\/index.php?rest_route=\/wp\/v2\/pages\/12\/revisions"}],"predecessor-version":[{"id":361,"href":"https:\/\/lumenetspes.com\/index.php?rest_route=\/wp\/v2\/pages\/12\/revisions\/361"}],"wp:attachment":[{"href":"https:\/\/lumenetspes.com\/index.php?rest_route=%2Fwp%2Fv2%2Fmedia&parent=12"}],"curies":[{"name":"wp","href":"https:\/\/api.w.org\/{rel}","templated":true}]}}